{"id":433,"date":"2020-11-17T08:11:21","date_gmt":"2020-11-17T08:11:21","guid":{"rendered":"https:\/\/theq69.qodeinteractive.com\/?page_id=433"},"modified":"2023-08-24T07:58:39","modified_gmt":"2023-08-24T07:58:39","slug":"contact","status":"publish","type":"page","link":"https:\/\/idezautoparts.com\/de\/contact\/","title":{"rendered":"Kontakt"},"content":{"rendered":"<div data-elementor-type=\"wp-page\" data-elementor-id=\"433\" class=\"elementor elementor-433\" data-elementor-post-type=\"page\">\n\t\t\t\t\t\t<section class=\"elementor-section elementor-top-section elementor-element elementor-element-403492e elementor-section-boxed elementor-section-height-default elementor-section-height-default\" data-id=\"403492e\" data-element_type=\"section\" data-settings=\"{&quot;background_background&quot;:&quot;classic&quot;}\">\n\t\t\t\t\t\t<div class=\"elementor-container elementor-column-gap-default\">\n\t\t\t\t\t<div class=\"elementor-column elementor-col-100 elementor-top-column elementor-element elementor-element-5a8173d\" data-id=\"5a8173d\" data-element_type=\"column\">\n\t\t\t<div class=\"elementor-widget-wrap elementor-element-populated\">\n\t\t\t\t\t\t<div class=\"elementor-element elementor-element-db4ca38 elementor-widget elementor-widget-heading\" data-id=\"db4ca38\" data-element_type=\"widget\" data-widget_type=\"heading.default\">\n\t\t\t\t<div class=\"elementor-widget-container\">\n\t\t\t\t\t<h1 class=\"elementor-heading-title elementor-size-default\">Kontakt<\/h1>\t\t\t\t<\/div>\n\t\t\t\t<\/div>\n\t\t\t\t<div class=\"elementor-element elementor-element-b0182e6 elementor-widget elementor-widget-wp-widget-bcn_widget\" data-id=\"b0182e6\" data-element_type=\"widget\" data-widget_type=\"wp-widget-bcn_widget.default\">\n\t\t\t\t<div class=\"elementor-widget-container\">\n\t\t\t\t\t<div class=\"breadcrumbs\" vocab=\"https:\/\/schema.org\/\" typeof=\"BreadcrumbList\"><!-- Breadcrumb NavXT 7.4.1 -->\n<span property=\"itemListElement\" typeof=\"ListItem\"><a property=\"item\" typeof=\"WebPage\" title=\"Gehe zu Idez Auto Parts.\" href=\"https:\/\/idezautoparts.com\/de\" class=\"home\" aria-current=\"page\"><span property=\"name\">Idez Auto Parts<\/span><\/a><meta property=\"position\" content=\"1\"><\/span><\/div>\t\t\t\t<\/div>\n\t\t\t\t<\/div>\n\t\t\t\t\t<\/div>\n\t\t<\/div>\n\t\t\t\t\t<\/div>\n\t\t<\/section>\n\t\t\t\t<section class=\"elementor-section elementor-top-section elementor-element elementor-element-f1d3953 elementor-section-boxed elementor-section-height-default elementor-section-height-default\" data-id=\"f1d3953\" data-element_type=\"section\">\n\t\t\t\t\t\t<div class=\"elementor-container elementor-column-gap-default\">\n\t\t\t\t\t<div class=\"elementor-column elementor-col-50 elementor-top-column elementor-element elementor-element-ec8a195\" data-id=\"ec8a195\" data-element_type=\"column\">\n\t\t\t<div class=\"elementor-widget-wrap elementor-element-populated\">\n\t\t\t\t\t\t<div class=\"elementor-element elementor-element-4d83b53 elementor-widget elementor-widget-heading\" data-id=\"4d83b53\" data-element_type=\"widget\" data-widget_type=\"heading.default\">\n\t\t\t\t<div class=\"elementor-widget-container\">\n\t\t\t\t\t<h2 class=\"elementor-heading-title elementor-size-default\">\u0130zmir Main Office<\/h2>\t\t\t\t<\/div>\n\t\t\t\t<\/div>\n\t\t\t\t<div class=\"elementor-element elementor-element-609a35e elementor-widget elementor-widget-text-editor\" data-id=\"609a35e\" data-element_type=\"widget\" data-widget_type=\"text-editor.default\">\n\t\t\t\t<div class=\"elementor-widget-container\">\n\t\t\t\t\t\t\t\t\t<p><strong>Address:\u00a0<\/strong>Adalet Mah. Manas Bulv. No:47\/B Folkart Towers A Kule Kat:26 D:2601, 35530<\/p><p><strong>Phone:<\/strong>\u00a0+90 232 218 24 03<\/p><p><strong>E-Mail:<\/strong>\u00a0<a href=\"mailto:contact@idezautoparts.com\" target=\"_top\">contact@idezautoparts.com<\/a><\/p>\t\t\t\t\t\t\t\t<\/div>\n\t\t\t\t<\/div>\n\t\t\t\t\t<\/div>\n\t\t<\/div>\n\t\t\t\t<div class=\"elementor-column elementor-col-50 elementor-top-column elementor-element elementor-element-8ea00cb\" data-id=\"8ea00cb\" data-element_type=\"column\">\n\t\t\t<div class=\"elementor-widget-wrap elementor-element-populated\">\n\t\t\t\t\t\t<div class=\"elementor-element elementor-element-8862fab elementor-widget elementor-widget-google_maps\" data-id=\"8862fab\" data-element_type=\"widget\" data-widget_type=\"google_maps.default\">\n\t\t\t\t<div class=\"elementor-widget-container\">\n\t\t\t\t\t\t\t<div class=\"elementor-custom-embed\">\n\t\t\t<iframe loading=\"lazy\"\n\t\t\t\t\tsrc=\"https:\/\/maps.google.com\/maps?q=Adalet%20Mah.%20Manas%20Bulv.%20No%3A47%2FB%20Folkart%20Towers%20A%20Kule%20Kat%3A26%20D%3A2601%2C%2035530&#038;t=m&#038;z=10&#038;output=embed&#038;iwloc=near\"\n\t\t\t\t\ttitle=\"Adalet Mah. Manas Bulv. No:47\/B Folkart Towers A Kule Kat:26 D:2601, 35530\"\n\t\t\t\t\taria-label=\"Adalet Mah. Manas Bulv. No:47\/B Folkart Towers A Kule Kat:26 D:2601, 35530\"\n\t\t\t><\/iframe>\n\t\t<\/div>\n\t\t\t\t\t\t<\/div>\n\t\t\t\t<\/div>\n\t\t\t\t\t<\/div>\n\t\t<\/div>\n\t\t\t\t\t<\/div>\n\t\t<\/section>\n\t\t\t\t<section class=\"elementor-section elementor-top-section elementor-element elementor-element-b192ea6 elementor-section-boxed elementor-section-height-default elementor-section-height-default\" data-id=\"b192ea6\" data-element_type=\"section\">\n\t\t\t\t\t\t<div class=\"elementor-container elementor-column-gap-default\">\n\t\t\t\t\t<div class=\"elementor-column elementor-col-50 elementor-top-column elementor-element elementor-element-a778dec\" data-id=\"a778dec\" data-element_type=\"column\">\n\t\t\t<div class=\"elementor-widget-wrap elementor-element-populated\">\n\t\t\t\t\t\t<div class=\"elementor-element elementor-element-bddc5d5 elementor-widget elementor-widget-heading\" data-id=\"bddc5d5\" data-element_type=\"widget\" data-widget_type=\"heading.default\">\n\t\t\t\t<div class=\"elementor-widget-container\">\n\t\t\t\t\t<h2 class=\"elementor-heading-title elementor-size-default\">Store House<\/h2>\t\t\t\t<\/div>\n\t\t\t\t<\/div>\n\t\t\t\t<div class=\"elementor-element elementor-element-7bee38c elementor-widget elementor-widget-text-editor\" data-id=\"7bee38c\" data-element_type=\"widget\" data-widget_type=\"text-editor.default\">\n\t\t\t\t<div class=\"elementor-widget-container\">\n\t\t\t\t\t\t\t\t\t<p><strong>Address:\u00a0<\/strong>G\u00fcrp\u0131nar Mah. 7004\/9 Sok. No.5h P\u0131narba\u015f\u0131 &#8211; Bornova \/ \u0130ZM\u0130R<\/p><p><strong>Phone:<\/strong>\u00a0+90 232 218 24 03<\/p><p><strong>E-Mail:<\/strong>\u00a0<a href=\"mailto:contact@idezautoparts.com\" target=\"_top\">contact@idezautoparts.com<\/a><\/p>\t\t\t\t\t\t\t\t<\/div>\n\t\t\t\t<\/div>\n\t\t\t\t\t<\/div>\n\t\t<\/div>\n\t\t\t\t<div class=\"elementor-column elementor-col-50 elementor-top-column elementor-element elementor-element-2238f1c\" data-id=\"2238f1c\" data-element_type=\"column\">\n\t\t\t<div class=\"elementor-widget-wrap elementor-element-populated\">\n\t\t\t\t\t\t<div class=\"elementor-element elementor-element-227b40f elementor-widget elementor-widget-google_maps\" data-id=\"227b40f\" data-element_type=\"widget\" data-widget_type=\"google_maps.default\">\n\t\t\t\t<div class=\"elementor-widget-container\">\n\t\t\t\t\t\t\t<div class=\"elementor-custom-embed\">\n\t\t\t<iframe loading=\"lazy\"\n\t\t\t\t\tsrc=\"https:\/\/maps.google.com\/maps?q=G%C3%BCrp%C4%B1nar%20Mah.%207004%2F9%20Sok.%20No.5h%20P%C4%B1narba%C5%9F%C4%B1%20-%20Bornova%20%2F%20%C4%B0ZM%C4%B0R&#038;t=m&#038;z=10&#038;output=embed&#038;iwloc=near\"\n\t\t\t\t\ttitle=\"G\u00fcrp\u0131nar Mah. 7004\/9 Sok. No.5h P\u0131narba\u015f\u0131 - Bornova \/ \u0130ZM\u0130R\"\n\t\t\t\t\taria-label=\"G\u00fcrp\u0131nar Mah. 7004\/9 Sok. No.5h P\u0131narba\u015f\u0131 - Bornova \/ \u0130ZM\u0130R\"\n\t\t\t><\/iframe>\n\t\t<\/div>\n\t\t\t\t\t\t<\/div>\n\t\t\t\t<\/div>\n\t\t\t\t\t<\/div>\n\t\t<\/div>\n\t\t\t\t\t<\/div>\n\t\t<\/section>\n\t\t\t\t<\/div>","protected":false},"excerpt":{"rendered":"<p>\u0130zmir Main Office Address:\u00a0Adalet Mah. Manas Bulv. No:47\/B Folkart Towers A Kule Kat:26 D:2601, 35530 Phone:\u00a0+90 232 218 24 03 E-Mail:\u00a0contact@idezautoparts.com Store House Address:\u00a0G\u00fcrp\u0131nar Mah. 7004\/9 Sok. No.5h P\u0131narba\u015f\u0131 &#8211; Bornova \/ \u0130ZM\u0130R Phone:\u00a0+90 232 218 24 03 E-Mail:\u00a0contact@idezautoparts.com<\/p>","protected":false},"author":1,"featured_media":0,"parent":0,"menu_order":0,"comment_status":"closed","ping_status":"closed","template":"elementor_header_footer","meta":{"_monsterinsights_skip_tracking":false,"_monsterinsights_sitenote_active":false,"_monsterinsights_sitenote_note":"","_monsterinsights_sitenote_category":0,"footnotes":""},"class_list":["post-433","page","type-page","status-publish","hentry"],"aioseo_notices":[],"_links":{"self":[{"href":"https:\/\/idezautoparts.com\/de\/wp-json\/wp\/v2\/pages\/433","targetHints":{"allow":["GET"]}}],"collection":[{"href":"https:\/\/idezautoparts.com\/de\/wp-json\/wp\/v2\/pages"}],"about":[{"href":"https:\/\/idezautoparts.com\/de\/wp-json\/wp\/v2\/types\/page"}],"author":[{"embeddable":true,"href":"https:\/\/idezautoparts.com\/de\/wp-json\/wp\/v2\/users\/1"}],"replies":[{"embeddable":true,"href":"https:\/\/idezautoparts.com\/de\/wp-json\/wp\/v2\/comments?post=433"}],"version-history":[{"count":0,"href":"https:\/\/idezautoparts.com\/de\/wp-json\/wp\/v2\/pages\/433\/revisions"}],"wp:attachment":[{"href":"https:\/\/idezautoparts.com\/de\/wp-json\/wp\/v2\/media?parent=433"}],"curies":[{"name":"wp","href":"https:\/\/api.w.org\/{rel}","templated":true}]}}